{"id":1053,"date":"2018-07-13T09:58:23","date_gmt":"2018-07-13T07:58:23","guid":{"rendered":"https:\/\/dev.fkv.de\/dev\/?page_id=33"},"modified":"2026-01-06T12:16:55","modified_gmt":"2026-01-06T11:16:55","slug":"our-partners-and-supporters","status":"publish","type":"page","link":"https:\/\/www.fkv.de\/en\/our-partners-and-supporters\/","title":{"rendered":"Our partners and supporters"},"content":{"rendered":"<p>The Frankfurter Kunstverein has been deeply embedded in the urban fabric of Frankfurt since its founding 1829. Its diverse and challenging programming would be inconceivable without the support of the City of Frankfurt am Main as well as private sponsors. The commitment of our partners further supports this work and also makes numerous projects possible.<\/p>\n<p><u>The Frankfurter Kunstverein is permanently supported by<\/u><\/p>\n<p><u><a href=\"https:\/\/www.kultur-frankfurt.de\/portal\/en\/Home\/Start\/0\/0\/0\/0\/1424.aspx\"><img loading=\"lazy\" decoding=\"async\" class=\"alignnone wp-image-1738\" src=\"https:\/\/www.fkv.de\/wp-content\/uploads\/2018\/07\/image_manager__c1_logo_kulturamt_transparent.gif\" alt=\"\" width=\"339\" height=\"54\" \/><\/a><\/u><\/p>\n<p><u>Supporters<\/u><\/p>\n<p>TMS Trademarketing Service GmbH<br \/>\nKonrad and Andrea von Bethmann<br \/>\nRegina Conzelmann<br \/>\n<span class=\"\">Beatrice Dreyfus<\/span><br \/>\nLaura and Thomas D\u00fcrbeck<br \/>\nSebastiano Ferrante<br \/>\nHaus &amp; Grund Frankfurt am Main e.V.<br \/>\nHochschule f\u00fcr Gestaltung Offenbach am Main<br \/>\nCarolin and Matthias Kremer<br \/>\nSylvia von Metzler<br \/>\nPuhl Foundation<br \/>\nStaatliche Hochschule f\u00fcr Bildende K\u00fcnste \u2013 St\u00e4delschule<br \/>\nLena Wallenhorst and Jan Bauer<br \/>\nAnja Ritchie-Friedrich and Patrick Friedrich<br \/>\nDagmar Hesse-Kreindler<br \/>\n:response &#8211; Inh. Arved L\u00fcth<\/p>\n<p><u>Supporting Members<\/u><\/p>\n<p>Nicole Abdolali, Rick van Aerssen, Alexander von Ahlefeldt-Dehn, <span class=\"\">AHP &#8211; kultursensibler Pflegedienst Nadia Qani<\/span>, Beate Arras, Maria-Theresia Artmann, Marion and Ulf Bambach, Monika Becker-Heymann, G\u00fcnter Beckers, Marcus Benzing, Wonge Bergmann, Christoph Block, Andrea B\u00f6hler, Angelika Boller and Rolf Zimmermann, Walter Born, Dagmar Bottenbruch, Roy Br\u00fcmmer, Helga Budde, Kilian Bumiller, Frank Uwe Burkhardt, Hanna Daum, Anja D\u00f6britz, Matthias Ecker, Markus Eiserloh, Elmar Gerharz, Nina Goslar and Peter Liermann, Christine and Philip Grindley, Robert Grunenberg, Holger Hagge, Sylvia Hauptmann, Karin Haus, Ralf H\u00e4user, Wolfgang Heck, Thorsten Heidt, Marlene Hering, Jakob Huszarek, Dagmara Kowatzky, Guido Hettinger, Julia Hinrichs and Manfred Wolfangel, Beatrix Hofmann, David J\u00f6rg, Sabine Kaiser, Axel Kaufmann, Mario von Kelterborn, Bjoern Koester, Barbara Krebs, <span class=\"\">Andreas Landertshammer<\/span>, Karolin and Dominik Loh, Dr Achim Lutz, Patricia L&#8217;Ghoul, Paula Macedo Wei\u00df and Daniel Wei\u00df, Axel and Petra May, Jan Mayerh\u00f6fer, Dr Eva Milbradt-Zeuzem, J\u00f6rg Mugrauer, Museum f\u00fcr Kommunikation Frankfurt, <span class=\"\">Helmut Newrzella<\/span>, Zuhal \u00d6zg\u00fcr, Claudia Orben-M\u00e4ckler, Alfonso Padilla, Jochen Peter, Hans Henning Pickel, Radeberger Gruppe KG, Annette Reschke, Andreas Rhein, Gabriele Schallehn, Robert Schiebe, Rebecca Caroline Schmidt, Marion Schmitz-Stadtfeld, Alice Freifrau von Schorlemer, Hartmut R. Schr\u00f6ter, Michele Sciurba, Tim Seeger, Thorsten Sickenberger, Florian Siedlarek, Hanno Simon, Katja Slavik, Philip Graf zu Solms, Barbara von Stechow, Dirk Stenger, Henry Stickelmann, Stiftung Giersch, Patrick Tapp, Janina Trauth, Susanne Trouet, <span class=\"\">Zvonko Turkali<\/span>, <span class=\"\">Andrea Walburg<\/span>, Kurt Weise, Philippe Wenz, Laurenz Wieneke, Claudia Wiessner, Martin Wilhelm, Petra W\u00f6rner, Simone Zapke<\/p>\n<p>&nbsp;<\/p>\n<p><u>Sponsored by:<\/u><\/p>\n<p><a href=\"https:\/\/www.fkv.de\/wp-content\/uploads\/2025\/02\/CrespoFoundation_Logo_horizontal_schwarz_RGB-300x102.png\" target=\"_blank\" rel=\"noopener\"><img loading=\"lazy\" decoding=\"async\" class=\"alignleft wp-image-43290 size-medium\" src=\"https:\/\/www.fkv.de\/wp-content\/uploads\/2025\/02\/CrespoFoundation_Logo_horizontal_schwarz_RGB-300x102.png\" alt=\"\" width=\"300\" height=\"102\" srcset=\"https:\/\/www.fkv.de\/wp-content\/uploads\/2025\/02\/CrespoFoundation_Logo_horizontal_schwarz_RGB-300x102.png 300w, https:\/\/www.fkv.de\/wp-content\/uploads\/2025\/02\/CrespoFoundation_Logo_horizontal_schwarz_RGB-1024x349.png 1024w, https:\/\/www.fkv.de\/wp-content\/uploads\/2025\/02\/CrespoFoundation_Logo_horizontal_schwarz_RGB-1536x524.png 1536w, https:\/\/www.fkv.de\/wp-content\/uploads\/2025\/02\/CrespoFoundation_Logo_horizontal_schwarz_RGB-2048x698.png 2048w, https:\/\/www.fkv.de\/wp-content\/uploads\/2025\/02\/CrespoFoundation_Logo_horizontal_schwarz_RGB-400x136.png 400w, https:\/\/www.fkv.de\/wp-content\/uploads\/2025\/02\/CrespoFoundation_Logo_horizontal_schwarz_RGB-1320x450.png 1320w, https:\/\/www.fkv.de\/wp-content\/uploads\/2025\/02\/CrespoFoundation_Logo_horizontal_schwarz_RGB-1920x655.png 1920w\" sizes=\"auto, (max-width: 300px) 100vw, 300px\" \/><\/a><\/p>\n<p>&nbsp;<\/p>\n<p>&nbsp;<\/p>\n<p>&nbsp;<\/p>\n<p>&nbsp;<\/p>\n<div>\n<p><a href=\"https:\/\/www.fkv.de\/wp-content\/uploads\/2025\/02\/DMS_Logo_RGB_340x124-300x109.jpg\" target=\"_blank\" rel=\"noopener\"><img loading=\"lazy\" decoding=\"async\" class=\"alignleft wp-image-43288 size-medium\" src=\"https:\/\/www.fkv.de\/wp-content\/uploads\/2025\/02\/DMS_Logo_RGB_340x124-300x109.jpg\" alt=\"\" width=\"300\" height=\"109\" srcset=\"https:\/\/www.fkv.de\/wp-content\/uploads\/2025\/02\/DMS_Logo_RGB_340x124-300x109.jpg 300w, https:\/\/www.fkv.de\/wp-content\/uploads\/2025\/02\/DMS_Logo_RGB_340x124.jpg 340w\" sizes=\"auto, (max-width: 300px) 100vw, 300px\" \/><\/a><\/p>\n<p>&nbsp;<\/p>\n<p>&nbsp;<\/p>\n<p>&nbsp;<\/p>\n<p>&nbsp;<\/p>\n<div><a href=\"https:\/\/www.fkv.de\/wp-content\/uploads\/2025\/09\/KESSEL_logo_S_CMYK1.png\"><img loading=\"lazy\" decoding=\"async\" class=\"alignleft size-medium wp-image-44078\" src=\"https:\/\/www.fkv.de\/wp-content\/uploads\/2025\/09\/KESSEL_logo_S_CMYK1-300x77.png\" alt=\"\" width=\"300\" height=\"77\" srcset=\"https:\/\/www.fkv.de\/wp-content\/uploads\/2025\/09\/KESSEL_logo_S_CMYK1-300x77.png 300w, https:\/\/www.fkv.de\/wp-content\/uploads\/2025\/09\/KESSEL_logo_S_CMYK1-1024x263.png 1024w, https:\/\/www.fkv.de\/wp-content\/uploads\/2025\/09\/KESSEL_logo_S_CMYK1-1536x394.png 1536w, https:\/\/www.fkv.de\/wp-content\/uploads\/2025\/09\/KESSEL_logo_S_CMYK1-2048x525.png 2048w, https:\/\/www.fkv.de\/wp-content\/uploads\/2025\/09\/KESSEL_logo_S_CMYK1-400x103.png 400w, https:\/\/www.fkv.de\/wp-content\/uploads\/2025\/09\/KESSEL_logo_S_CMYK1-1754x450.png 1754w, https:\/\/www.fkv.de\/wp-content\/uploads\/2025\/09\/KESSEL_logo_S_CMYK1-1920x493.png 1920w\" sizes=\"auto, (max-width: 300px) 100vw, 300px\" \/><\/a><\/div>\n<div><\/div>\n<\/div>\n","protected":false},"excerpt":{"rendered":"<p>The Frankfurter Kunstverein has been deeply embedded in the urban fabric of Frankfurt since its founding 1829. Its diverse and challenging programming would be inconceivable without the support of the City of Frankfurt am Main as well as private sponsors. The commitment of our partners further supports this work and also makes numerous projects possible. <a href=\"https:\/\/www.fkv.de\/en\/our-partners-and-supporters\/\" class=\"more-link\">&#8230;<\/a><\/p>\n","protected":false},"author":1,"featured_media":0,"parent":0,"menu_order":0,"comment_status":"closed","ping_status":"closed","template":"","meta":{"_acf_changed":false,"footnotes":""},"class_list":["post-1053","page","type-page","status-publish","hentry"],"acf":[],"_links":{"self":[{"href":"https:\/\/www.fkv.de\/en\/wp-json\/wp\/v2\/pages\/1053","targetHints":{"allow":["GET"]}}],"collection":[{"href":"https:\/\/www.fkv.de\/en\/wp-json\/wp\/v2\/pages"}],"about":[{"href":"https:\/\/www.fkv.de\/en\/wp-json\/wp\/v2\/types\/page"}],"author":[{"embeddable":true,"href":"https:\/\/www.fkv.de\/en\/wp-json\/wp\/v2\/users\/1"}],"replies":[{"embeddable":true,"href":"https:\/\/www.fkv.de\/en\/wp-json\/wp\/v2\/comments?post=1053"}],"version-history":[{"count":8,"href":"https:\/\/www.fkv.de\/en\/wp-json\/wp\/v2\/pages\/1053\/revisions"}],"predecessor-version":[{"id":44889,"href":"https:\/\/www.fkv.de\/en\/wp-json\/wp\/v2\/pages\/1053\/revisions\/44889"}],"wp:attachment":[{"href":"https:\/\/www.fkv.de\/en\/wp-json\/wp\/v2\/media?parent=1053"}],"curies":[{"name":"wp","href":"https:\/\/api.w.org\/{rel}","templated":true}]}}