{"id":814,"date":"2018-07-27T09:34:08","date_gmt":"2018-07-27T07:34:08","guid":{"rendered":"https:\/\/dev.fkv.de\/dev\/?page_id=814"},"modified":"2026-02-04T15:44:29","modified_gmt":"2026-02-04T14:44:29","slug":"team","status":"publish","type":"page","link":"https:\/\/www.fkv.de\/en\/team\/","title":{"rendered":"Team"},"content":{"rendered":"<p><u>Director<br \/>\n<\/u>Franziska Nori<\/p>\n<p><u>Head of Administration<\/u><br \/>\nDeryk Streich<br \/>\nTel. +49(0)69 219314-10<\/p>\n<p><u>Technical Director<\/u><br \/>\nFrein J\u00e4ger<br \/>\nTel. +49 (0)69 219314-70<\/p>\n<p><u>Exhibition Production Manager\/ Registrar<\/u><br \/>\nKevin Berz-Kozubek<br \/>\nTel. +49 (0)69 219 314-77<\/p>\n<p><u>Curatorial Researcher<\/u><br \/>\nPhilippe Fl\u00fcck<br \/>\nMoritz Lapke<br \/>\nAnita Lavorano<br \/>\nPia Seif\u00fc\u00dfl<br \/>\nTel. +49 (0)69 219314-40<\/p>\n<p><u>Press and Public Relations<\/u><br \/>\nTel. +49 (0)69 219314-30<\/p>\n<p><u>Online-Communikation\/ Social Media<\/u><br \/>\nAnita Lavorano<br \/>\nPia Seif\u00fc\u00dfl<br \/>\nTel. +49 (0)69 219314-30<br \/>\n<u><\/u><\/p>\n<p><u>Digital Content Designer<br \/>\n<\/u>Michael Franzen<\/p>\n<p><u>Visitor Service<\/u><br \/>\nAdrian Baczyk<br \/>\nLeonie Englert<br \/>\nDilara Eroglu<br \/>\nClara Fischer<br \/>\nSamuel G\u00f6tschin<br \/>\nTom Heller<br \/>\nLara Hendrich<br \/>\nCamie Klein<br \/>\nZakaria Kr\u00fcger<br \/>\nTel. +49 (0)69 219314-0<br \/>\n<a href=\"mailto:post@fkv.de\">post(at)fkv.de<\/a><\/p>\n","protected":false},"excerpt":{"rendered":"<p>Director Franziska Nori Head of Administration Deryk Streich Tel. +49(0)69 219314-10 Technical Director Frein J\u00e4ger Tel. +49 (0)69 219314-70 Exhibition Production Manager\/ Registrar Kevin Berz-Kozubek Tel. +49 (0)69 219 314-77 Curatorial Researcher Philippe Fl\u00fcck Moritz Lapke Anita Lavorano Pia Seif\u00fc\u00dfl Tel. +49 (0)69 219314-40 Press and Public Relations Tel. +49 (0)69 219314-30 Online-Communikation\/ Social Media <a href=\"https:\/\/www.fkv.de\/en\/team\/\" class=\"more-link\">&#8230;<\/a><\/p>\n","protected":false},"author":1,"featured_media":0,"parent":0,"menu_order":0,"comment_status":"closed","ping_status":"closed","template":"templates\/template-standard-without-sidebar.php","meta":{"_acf_changed":false,"footnotes":""},"class_list":["post-814","page","type-page","status-publish","hentry"],"acf":[],"_links":{"self":[{"href":"https:\/\/www.fkv.de\/en\/wp-json\/wp\/v2\/pages\/814","targetHints":{"allow":["GET"]}}],"collection":[{"href":"https:\/\/www.fkv.de\/en\/wp-json\/wp\/v2\/pages"}],"about":[{"href":"https:\/\/www.fkv.de\/en\/wp-json\/wp\/v2\/types\/page"}],"author":[{"embeddable":true,"href":"https:\/\/www.fkv.de\/en\/wp-json\/wp\/v2\/users\/1"}],"replies":[{"embeddable":true,"href":"https:\/\/www.fkv.de\/en\/wp-json\/wp\/v2\/comments?post=814"}],"version-history":[{"count":4,"href":"https:\/\/www.fkv.de\/en\/wp-json\/wp\/v2\/pages\/814\/revisions"}],"predecessor-version":[{"id":44934,"href":"https:\/\/www.fkv.de\/en\/wp-json\/wp\/v2\/pages\/814\/revisions\/44934"}],"wp:attachment":[{"href":"https:\/\/www.fkv.de\/en\/wp-json\/wp\/v2\/media?parent=814"}],"curies":[{"name":"wp","href":"https:\/\/api.w.org\/{rel}","templated":true}]}}